{"id":59,"date":"2014-01-04T18:25:37","date_gmt":"2014-01-04T16:25:37","guid":{"rendered":"http:\/\/schloss-reinhardsbrunn.de\/?page_id=59"},"modified":"2019-03-22T13:25:59","modified_gmt":"2019-03-22T11:25:59","slug":"schlosspark","status":"publish","type":"page","link":"http:\/\/www.schloss-reinhardsbrunn.de\/?page_id=59","title":{"rendered":"Schlosspark"},"content":{"rendered":"<h1>Schlosspark<\/h1>\n<p><strong>Reinhardsbrunn ist der erste Landschaftspark romantischer Pr\u00e4gung in Th\u00fcringen.<\/strong><\/p>\n<p>1826 waren die Herzogt\u00fcmer von Gotha und Coburg durch Personalunion vereinigt worden. Ein neues Lustschlo\u00df mit dazugeh\u00f6rigem Park war nun erforderlich. F\u00fcr die Gartengestaltung beauftragte der neue Herzog Ernst der I. den jungen Eulefeld 1827, der nun als herzoglicher Oberg\u00e4rtner und Leiter der Gothaer Orangerie fungierte. Die Anregungen zur Gestaltung eines englischen Parkes erhielt er in Englandaufenthalten, insbesondere in Belgien. Das zur Verf\u00fcgung stehende Areal, die ab Mitte des 18. Jahr\u00adhunderts bereits nicht mehr ausschlie\u00dflich zur Gewinnung von Obst und Gem\u00fcse genutzten Gartenanlagen wiesen nun schon teilweise Parkcharakter auf. Bereits 1780\/81 erfolgten erste Erdarbeiten und Bepflanzun\u00adgen.<\/p>\n<p><a href=\"http:\/\/www.schloss-reinhardsbrunn.de\/wp-content\/uploads\/2014\/01\/park1.jpg\"><img loading=\"lazy\" decoding=\"async\" class=\"alignleft size-full wp-image-60\" style=\"margin-right: 10px; margin-left: 10px;\" alt=\"park1\" src=\"http:\/\/www.schloss-reinhardsbrunn.de\/wp-content\/uploads\/2014\/01\/park1.jpg\" width=\"168\" height=\"174\"><\/a>Um 1790 waren die Gartenteile innerhalb der Kloster-mauern als Innenpark, die ca. 1-1,5 km au\u00dferhalb liegenden Fl\u00e4chen, einschlie\u00dflich der Teiche und des Gasthofes (heuti\u00adges Parkhotel) als Au\u00dfenpark ausgewiesen. 1827 begann Eulefeld mit den Arbeiten zur Ausgestaltung eines Land\u00adschaftsparkes. Die Fahrstra\u00dfe nach Schnepfenthal wurde nach au\u00dfen verlegt, Teile des ehemaligen Amtes abgerissen. 1835 die Klosterm\u00fchle (Kinderheim) anderen Ortes neu auf\u00adgebaut. Gew\u00e4chsh\u00e4user entstanden und die bereits beste\u00adhende Baumschule erweitert. Pflanzungen im Innenpark fanden zun\u00e4chst 1834 ihren Abschlu\u00df. Danach wid\u00admete er sich im Besonderen der Gestaltung des Au\u00dfenpar\u00adkes. Mitte des 19. Jahrhunderts entstanden Klostergarten mit dem J\u00e4gerbrunnen und 1905 zum Abschlu\u00df der Japanische Garten, als Modeerscheinung der Zeit.<\/p>\n<p><a href=\"http:\/\/www.schloss-reinhardsbrunn.de\/wp-content\/uploads\/2014\/01\/park08-239x300.gif\"><img loading=\"lazy\" decoding=\"async\" class=\"alignright size-full wp-image-65\" alt=\"park08-239x300\" src=\"http:\/\/www.schloss-reinhardsbrunn.de\/wp-content\/uploads\/2014\/01\/park08-239x300.gif\" width=\"239\" height=\"300\"><\/a><\/p>\n<p>Lassen wir den bedeutendsten Gartensch\u00f6pfer des vorigen Jahrhunderts F\u00fcrst Hermann von P\u00fcckler \u2013 Muskau, der in seinen Th\u00fcringenaufenthalten auch Reinhardsbrunn be\u00adsuchte, zu Worte kommen:<\/p>\n<p><span style=\"color: #008000; font-size: medium;\">,,Reinhardsbrunn ist ohne Zwei\u00adfel als Werk der Kunst und Natur zusammengenommen, jetzt die sch\u00f6nste Anlage und einer der sehenswertesten Punkte im Th\u00fcringer Wald.\u201d<\/span><\/p>\n<p>P\u00fcckler fand hier was er f\u00fcr Wilhelmsthal vorgeschlagen: ,,einige verfallene Kloster\u00fcberreste\u201d benutzt, um ein ger\u00e4u\u00admiges Lustschlo\u00df in Form einer Abtei zu erbauen, das an einem k\u00fcnstlichen See, in einem von bewaldeten Bergen eingefa\u00dften Wiesental liegt.\u201d Ein recht gut gehaltener, doch meiner Meinung nach nicht bestimmt genug abgegrenzter pleasure-ground umgibt das Schlo\u00df, uralte Linden von der gr\u00f6\u00dften Sch\u00f6nheit, noch aus der Zeit der M\u00f6nche, sind an\u00admutig darauf verteilt, auch in neuerer Zeit noch andere gro\u00dfe B\u00e4ume dahin versetzt worden.\u201d Trotz einiger Kritiken schrieb er: \u2026. aber das Ganze ist und bleibt \u00fcberall von reizender Wirkung, ,,voll Abwechslung und Poesie \u2026<\/p>\n<p><a href=\"http:\/\/www.schloss-reinhardsbrunn.de\/wp-content\/uploads\/2014\/01\/park2.jpg\"><img loading=\"lazy\" decoding=\"async\" class=\"alignright size-full wp-image-61\" alt=\"park2\" src=\"http:\/\/www.schloss-reinhardsbrunn.de\/wp-content\/uploads\/2014\/01\/park2.jpg\" width=\"168\" height=\"174\"><\/a>Den Schlo\u00dfhof findet er sehr ansprechend hinsichtlich der Menge bl\u00fchender Schlingpflanzen. ,,Sehr gut schlie\u00dft sich hierzu auch der gleich daran grenzende, grazi\u00f6se kleine Klo\u00adstergarten an, ein wahres Schmuckk\u00e4stchen von Statuen, Vasen, zierlichen G\u00e4ngen und Blumenbeeten, mit einer Font\u00e4ne in der Mitte\u2026\u201d. P\u00fcckler war \u00fcberrascht, da\u00df der Park auch f\u00fcr Fremde ,,zu jeder Stunde\u201d offen war.<\/p>\n<p>Eulefelds Gestaltung lie\u00df das Schlo\u00df, eingebettet in die kunstvoll geschaffene Reinhardsbrunner Landschaft, nach au\u00dfen wirken. Seine Auswahl von durch Farbe und Form sich st\u00e4ndig variierende Geh\u00f6lze, die Akzentuierung der auf H\u00fcgel gepflanzten Linden der Klosterzeit, lie\u00dfen st\u00e4ndig dem Beschauer ein wechselndes Bild vor Augen f\u00fchren. Gef\u00fchrt durch ein bedachtes Wegesystem, gro\u00dfz\u00fcgiger Prome\u00adnadenwege, war der Blick frei, um Kunst und Natur im Wechsel der Jahreszeiten zu genie\u00dfen.<\/p>\n<p>&nbsp;<\/p>\n<h1>Spaziergang im Park<\/h1>\n<p>Der Reinhardsbrunner Park zeichnet sich durch eine seltene Ansammlung von Baumarten aus, die durch den Wuchs einheimischer, nordamerikanischer, asiatischer, s\u00fcdeurop\u00e4ischer Geh\u00f6lze gepr\u00e4gt ist. Die Artenvielfalt ist das, was den Besucher besonders anspricht. Der S\u00fcdteil des Parkes mit der zentralen S\u00fcdwiese ist das Herzst\u00fcck des Parkes. Die Westseite bilden fast ausschlie\u00dflich Nadelb\u00e4ume, die einen interessanten Kontrast zu den einzeln oder in breiten Gruppen gepflanzten Blutbuchen, Linden und Eichen an der Nord- und S\u00fcdseite bilden. Beachtenswert ist in n\u00f6rdlicher Richtung die Reihe von Pyramideneichen. Im Ostteil des Parkes ist der Baumbestand weitgehend der Form eines Bergahorn-Eschenwaldes entsprechend. In diesem Teil \u00fcberwiegt die Zahl der wildwachsenden B\u00e4ume gegen\u00fcber den gepflanzten B\u00e4umen. Hier zeigt sich unter den naturnahen Bedingungen eine sehr \u00fcppige Vegetation in der Kraut-, Strauch- und niederen Baumschicht.<\/p>\n<p><a href=\"http:\/\/www.schloss-reinhardsbrunn.de\/wp-content\/uploads\/2014\/01\/rosengarten.jpg\"><img loading=\"lazy\" decoding=\"async\" class=\"alignright size-full wp-image-90\" style=\"margin-right: 10px; margin-left: 10px;\" alt=\"rosengarten\" src=\"http:\/\/www.schloss-reinhardsbrunn.de\/wp-content\/uploads\/2014\/01\/rosengarten.jpg\" width=\"261\" height=\"173\" srcset=\"http:\/\/www.schloss-reinhardsbrunn.de\/wp-content\/uploads\/2014\/01\/rosengarten.jpg 261w, http:\/\/www.schloss-reinhardsbrunn.de\/wp-content\/uploads\/2014\/01\/rosengarten-250x165.jpg 250w\" sizes=\"(max-width: 261px) 100vw, 261px\" \/><\/a><\/p>\n<p>Der Parkteil Schlo\u00dfwiesen unmittelbar vor der Nord- und Westseite des Schlosses tr\u00fcgt besonders im westlichen Teil reinen Parkcharakter. Besonders interessant ist in diesem Parkteil eine Linde, die sich in 4 m H\u00f6he gabelt und deren eine H\u00e4lfte eine gew\u00f6hnliche Sommerlinde, deren andere H\u00e4lfte dagegen zu einer schlitzbl\u00e4tterigen Linde veredelt wurde. Im Nordosten des Parkes, unmittelbar neben der Einfahrt zum Schlo\u00df, liegt der M\u00fchlteich. Die Uferregionen unterscheiden sich im Baumbestand. Das Nordwest- und Nordufer zeigt eine naturnahe Vegetation mit Resten eines Bergahorn-Eschen-Waldes und unterscheidet sich deutlich vom Bewuchs des S\u00fcdufers mit fast ausschlie\u00dflich gepflanzten Parkb\u00e4umen. Im Gebiet der Friedrichsruher Wiesen befindet sich eine 25 m hohe Sommerlinde, die sogenannte ,,Abtslinde\u201d. Ihr Alter wird auf etwa 450 Jahre gesch\u00e4tzt. Auff\u00e4llig ist ihre starke Ver\u00e4stelung und der au\u00dfergew\u00f6hnliche Umfang (ca. 9 m).<\/p>\n<p>Das Gebiet au\u00dferhalb des Roseng\u00e4rtchens ist im Erscheinungsbild die unmittelbare Fortsetz- ung der ,,Zentralen S\u00fcdwiese\u201d. Beachtenswert sind Zirbelkiefern, Schlangenfichten und Pyramideneichen, sowie die 800 Jahre alte ,,Klosterlinde\u201d Sommerlinde), die als Einzelpflanzung besonders augen f\u00e4llig ist. &nbsp;Das Roseng\u00e4rtchen hat die Form eines Wintergartens. Als besondere Kostbarkeit wird der Japanische Garten eingesch\u00e4tzt, der 1905 direkt neben dem Rosengarten angelegt wurde. Damit sollte dem g\u00e4rtnerischen Modegeschmack entsprochen werden.<\/p>\n<h1><\/h1>\n<h1>Die Abtslinde<\/h1>\n<p>Das Ungl\u00fcck geschah am 31. Mai 2001<\/p>\n<p>\u00dcber 500 Jahre stand die Abtslinde (auch Galgenbaum oder Gerichtslinde genannt) im Schlosspark Reinhardsbrunn. Experten sch\u00e4tzten das Alter sogar auf 750 Jahre und f\u00fchrten die Pflanzung auf die Klosterzeit zur\u00fcck. Am 31. Mai 2001 gegen 14.00 Uhr st\u00fcrzte der 35-Meter-Riese bei einem Sturm mit Windst\u00e4rke 9 um.<\/p>\n<p><a href=\"http:\/\/www.schloss-reinhardsbrunn.de\/wp-content\/uploads\/2014\/01\/abtslinde2.jpg\"><img loading=\"lazy\" decoding=\"async\" class=\"size-full wp-image-70 alignleft\" alt=\"abtslinde2\" src=\"http:\/\/www.schloss-reinhardsbrunn.de\/wp-content\/uploads\/2014\/01\/abtslinde2.jpg\" width=\"174\" height=\"130\"><\/a><\/p>\n<p><a href=\"http:\/\/www.schloss-reinhardsbrunn.de\/wp-content\/uploads\/2014\/01\/abtslinde1.jpg\"><span style=\"text-decoration: underline;\"><img loading=\"lazy\" decoding=\"async\" class=\"size-full wp-image-69 alignleft\" alt=\"abtslinde1\" src=\"http:\/\/www.schloss-reinhardsbrunn.de\/wp-content\/uploads\/2014\/01\/abtslinde1.jpg\" width=\"174\" height=\"130\"><\/span><\/a><\/p>\n<p style=\"text-align: left;\">Das Foto entstand im Fr\u00fchjahr 2001 und das&nbsp;zweite Bild kurze Zeit vor dem Sturm.<\/p>\n<p><a href=\"http:\/\/www.schloss-reinhardsbrunn.de\/wp-content\/uploads\/2014\/01\/abtslinde-300x188.jpg\"><img loading=\"lazy\" decoding=\"async\" class=\"wp-image-71 alignnone\" alt=\"abtslinde-300x188\" src=\"http:\/\/www.schloss-reinhardsbrunn.de\/wp-content\/uploads\/2014\/01\/abtslinde-300x188.jpg\" width=\"300\" height=\"188\" srcset=\"http:\/\/www.schloss-reinhardsbrunn.de\/wp-content\/uploads\/2014\/01\/abtslinde-300x188.jpg 300w, http:\/\/www.schloss-reinhardsbrunn.de\/wp-content\/uploads\/2014\/01\/abtslinde-300x188-250x156.jpg 250w\" sizes=\"(max-width: 300px) 100vw, 300px\" \/><\/a><\/p>\n<p style=\"text-align: left;\">\n","protected":false},"excerpt":{"rendered":"<p>Schlosspark Reinhardsbrunn ist der erste Landschaftspark romantischer Pr\u00e4gung in Th\u00fcringen. 1826 waren die Herzogt\u00fcmer von Gotha und Coburg durch Personalunion vereinigt worden. Ein neues Lustschlo\u00df mit dazugeh\u00f6rigem Park war nun erforderlich. F\u00fcr die Gartengestaltung beauftragte der neue Herzog Ernst der I. den jungen Eulefeld 1827, der nun als herzoglicher Oberg\u00e4rtner&#46;&#46;&#46;<\/p>\n","protected":false},"author":1,"featured_media":450,"parent":0,"menu_order":0,"comment_status":"closed","ping_status":"closed","template":"","meta":{"jetpack_post_was_ever_published":false,"footnotes":""},"jetpack_sharing_enabled":true,"jetpack_shortlink":"https:\/\/wp.me\/P7Upjq-X","_links":{"self":[{"href":"http:\/\/www.schloss-reinhardsbrunn.de\/index.php?rest_route=\/wp\/v2\/pages\/59"}],"collection":[{"href":"http:\/\/www.schloss-reinhardsbrunn.de\/index.php?rest_route=\/wp\/v2\/pages"}],"about":[{"href":"http:\/\/www.schloss-reinhardsbrunn.de\/index.php?rest_route=\/wp\/v2\/types\/page"}],"author":[{"embeddable":true,"href":"http:\/\/www.schloss-reinhardsbrunn.de\/index.php?rest_route=\/wp\/v2\/users\/1"}],"replies":[{"embeddable":true,"href":"http:\/\/www.schloss-reinhardsbrunn.de\/index.php?rest_route=%2Fwp%2Fv2%2Fcomments&post=59"}],"version-history":[{"count":32,"href":"http:\/\/www.schloss-reinhardsbrunn.de\/index.php?rest_route=\/wp\/v2\/pages\/59\/revisions"}],"predecessor-version":[{"id":762,"href":"http:\/\/www.schloss-reinhardsbrunn.de\/index.php?rest_route=\/wp\/v2\/pages\/59\/revisions\/762"}],"wp:featuredmedia":[{"embeddable":true,"href":"http:\/\/www.schloss-reinhardsbrunn.de\/index.php?rest_route=\/wp\/v2\/media\/450"}],"wp:attachment":[{"href":"http:\/\/www.schloss-reinhardsbrunn.de\/index.php?rest_route=%2Fwp%2Fv2%2Fmedia&parent=59"}],"curies":[{"name":"wp","href":"https:\/\/api.w.org\/{rel}","templated":true}]}}