{"id":53,"date":"2014-01-04T18:17:37","date_gmt":"2014-01-04T16:17:37","guid":{"rendered":"http:\/\/schloss-reinhardsbrunn.de\/?page_id=53"},"modified":"2014-01-05T21:01:36","modified_gmt":"2014-01-05T19:01:36","slug":"das-parkhotel","status":"publish","type":"page","link":"http:\/\/www.schloss-reinhardsbrunn.de\/?page_id=53","title":{"rendered":"Das Parkhotel"},"content":{"rendered":"<h1>Das Parkhotel<\/h1>\n<p><strong>Vermutlich war das Parkhotel das erste Haus, dass speziell f\u00fcr die\u00a0Beherbung von \u201cTouristen\u201d (damals Weitgereiste, die den Schlosspark bewundern wollten) errichtet wurde.<\/strong><\/p>\n<p>Es stand direkt an der Hauptstra\u00dfe zwischen dem Schlosspark und dem Au\u00dfenpark.<\/p>\n<p><a href=\"http:\/\/www.schloss-reinhardsbrunn.de\/wp-content\/uploads\/2014\/01\/Parkhotel.jpg\"><img loading=\"lazy\" decoding=\"async\" class=\"alignleft  wp-image-54\" alt=\"Parkhotel\" src=\"http:\/\/www.schloss-reinhardsbrunn.de\/wp-content\/uploads\/2014\/01\/Parkhotel.jpg\" width=\"720\" height=\"419\" srcset=\"http:\/\/www.schloss-reinhardsbrunn.de\/wp-content\/uploads\/2014\/01\/Parkhotel.jpg 800w, http:\/\/www.schloss-reinhardsbrunn.de\/wp-content\/uploads\/2014\/01\/Parkhotel-300x174.jpg 300w, http:\/\/www.schloss-reinhardsbrunn.de\/wp-content\/uploads\/2014\/01\/Parkhotel-250x145.jpg 250w\" sizes=\"(max-width: 720px) 100vw, 720px\" \/><\/a><\/p>\n<p>&nbsp;<\/p>\n<p>Der P\u00e4chter war:\u00a0 Hermann\u00a0 Henneberg geb. 10.1.1847 in Tambach in Th\u00fcringen als Sohn des Holzh\u00e4ndlers Johann August Christoph Henneberg und dessen Ehefrau Johanna Magdalena, geb. Vier in Tambach.<\/p>\n<p>Hermann Henneberg heiratete am\u00a0 28. Juli 1881 Ida Friedrich aus Mehrstedt in geb. 21.7.1855 in Mehrstedt, gest. 15.5.1901 in Reinhardsbrunn; sie war die Tochter des Ansp\u00e4nners Johann Karl Friedrich\u00a0 aus Mehrstedt in Th\u00fcringen und dessen Ehefrau Amalia Maria Christiane, geb. Kiehm.<\/p>\n<p>Der Hotelier und P\u00e4chter des Parkhotels Reinhardsbrunn\u00a0 Hermann Henneberg starb am 9.12.1897 in Reinhardsbrunn.<\/p>\n<p>Fritz Henneberg, ein Bruder des Hoteliers und Parkhotel-P\u00e4chters Hermann Henneberg in Reinhardsbrunn, war unverheiratet; er diente als Kammerherr beim Herzog Ernst von Sachsen-Coburg-Gotha, dem Schwager der Queen Victoria von England,\u00a0 Bruder ihres geliebten Prinzgemahls Albert \u2013 Herzog Ernst von Sachsen-Coburg-Gotha besa\u00df Schloss und Parkhotel in Reinhardsbrunn.<\/p>\n<p>Hermann und Ida Henneberg in Reinhardsbrunn hatten 8 Kinder:<\/p>\n<ol>\n<li>Hedwig, war kinderlos verheiratet mit Prof. Dr. med. Max von Kryger, Erlangen<\/li>\n<li>Emmy, war verheiratet mit dem Oberpostrat Gustav Berlet in Erfurt; ihre beiden Kinder \u00a0sind bereits verstorben.<\/li>\n<li>Ernst, war Kaufmann und Prokurist bei der Firma Dello und Co in Hamburg; er war verheiratet mit Paula, geb. Wille aus Hamburg; ihre beiden T\u00f6chter, Rosemarie Lohse und Renate Olss\u00f6n, leben in Itzehoe und in Helsingborg.<\/li>\n<li>Frieda, war verheiratet mit dem Amtsrat im Preu\u00dfischen Kultusministerium Arthur Hoppe in Berlin; ihre beiden Kinder, Ursula Coursow und Gerhard Hoppe, leben in Bad Godesberg am Rhein.<\/li>\n<li>Xartha, war verheiratet mit den Obermedizinalrat Dr. med. Heinrich Dannehl, kinderlos in Kleve am Niederrhein.<\/li>\n<li>Fritz, hatte Koch gelernt, lebte zuletzt in Ost-Berlin.<\/li>\n<li>Paul war Elektriker, ist im Kriege 1914\/18 gefallen.<\/li>\n<li>\u00a0Mariechen, war verheiratet mit dem Gastronomen Bergfeld in Ohrdruf\/Th\u00fcr.; \u00a0ihr Sohn Wolfgang fiel im letzten Kriege 1959\/45, die Tochter Irmgard Otto lebt in Holzminden an der Veser.<\/li>\n<\/ol>\n<p>In Mehrstedt bei M\u00fchlhausen wohnt und lebt die Familie Dietrich; sie ist in direkter Linie verwandt mit Ida Henneberg, geb. Friedrich, geb. 21.7.1855 in Mehrstedt, gest. 15.3.1901 in Reinhardsbrunn<\/p>\n<p>&nbsp;<\/p>\n","protected":false},"excerpt":{"rendered":"<p>Das Parkhotel Vermutlich war das Parkhotel das erste Haus, dass speziell f\u00fcr die\u00a0Beherbung von \u201cTouristen\u201d (damals Weitgereiste, die den Schlosspark bewundern wollten) errichtet wurde. Es stand direkt an der Hauptstra\u00dfe zwischen dem Schlosspark und dem Au\u00dfenpark. &nbsp; Der P\u00e4chter war:\u00a0 Hermann\u00a0 Henneberg geb. 10.1.1847 in Tambach in Th\u00fcringen als Sohn&#46;&#46;&#46;<\/p>\n","protected":false},"author":1,"featured_media":0,"parent":6,"menu_order":0,"comment_status":"closed","ping_status":"closed","template":"","meta":{"jetpack_post_was_ever_published":false,"footnotes":""},"jetpack_sharing_enabled":true,"jetpack_shortlink":"https:\/\/wp.me\/P7Upjq-R","_links":{"self":[{"href":"http:\/\/www.schloss-reinhardsbrunn.de\/index.php?rest_route=\/wp\/v2\/pages\/53"}],"collection":[{"href":"http:\/\/www.schloss-reinhardsbrunn.de\/index.php?rest_route=\/wp\/v2\/pages"}],"about":[{"href":"http:\/\/www.schloss-reinhardsbrunn.de\/index.php?rest_route=\/wp\/v2\/types\/page"}],"author":[{"embeddable":true,"href":"http:\/\/www.schloss-reinhardsbrunn.de\/index.php?rest_route=\/wp\/v2\/users\/1"}],"replies":[{"embeddable":true,"href":"http:\/\/www.schloss-reinhardsbrunn.de\/index.php?rest_route=%2Fwp%2Fv2%2Fcomments&post=53"}],"version-history":[{"count":5,"href":"http:\/\/www.schloss-reinhardsbrunn.de\/index.php?rest_route=\/wp\/v2\/pages\/53\/revisions"}],"predecessor-version":[{"id":203,"href":"http:\/\/www.schloss-reinhardsbrunn.de\/index.php?rest_route=\/wp\/v2\/pages\/53\/revisions\/203"}],"up":[{"embeddable":true,"href":"http:\/\/www.schloss-reinhardsbrunn.de\/index.php?rest_route=\/wp\/v2\/pages\/6"}],"wp:attachment":[{"href":"http:\/\/www.schloss-reinhardsbrunn.de\/index.php?rest_route=%2Fwp%2Fv2%2Fmedia&parent=53"}],"curies":[{"name":"wp","href":"https:\/\/api.w.org\/{rel}","templated":true}]}}