{"id":27,"date":"2014-01-04T17:41:05","date_gmt":"2014-01-04T15:41:05","guid":{"rendered":"http:\/\/schloss-reinhardsbrunn.de\/?page_id=27"},"modified":"2014-03-30T23:57:31","modified_gmt":"2014-03-30T21:57:31","slug":"das-kavaliershaus","status":"publish","type":"page","link":"http:\/\/www.schloss-reinhardsbrunn.de\/?page_id=27","title":{"rendered":"Das Kavaliershaus"},"content":{"rendered":"<p><img loading=\"lazy\" decoding=\"async\" class=\"size-full wp-image-37 alignright\" alt=\"kavaliershaus\" src=\"http:\/\/www.schloss-reinhardsbrunn.de\/wp-content\/uploads\/2014\/01\/kavaliershaus.jpg\" width=\"286\" height=\"221\" srcset=\"http:\/\/www.schloss-reinhardsbrunn.de\/wp-content\/uploads\/2014\/01\/kavaliershaus.jpg 286w, http:\/\/www.schloss-reinhardsbrunn.de\/wp-content\/uploads\/2014\/01\/kavaliershaus-250x193.jpg 250w\" sizes=\"(max-width: 286px) 100vw, 286px\" \/>Das ehemalige Hotel im Schlosspark Reinhardsbrunn &#8211; <span style=\"color: #ff0000;\">es wurde am 31. Oktober 2001 geschlossen.<\/span><\/p>\n<p><span style=\"color: #888888;\"><em>Dieser Artikel stammt aus dem Buch \u201cTh\u00fcringer Gastlichkeit\u201d <\/em><\/span><span style=\"color: #888888;\"><em>erschienen im A. &amp; R. Adam Verlag Dresden ISBN 3-00-007127<\/em><\/span><\/p>\n<p>Residieren wie im Schloss verhei\u00dft das Hotelprospekt. Und es verspricht damit nicht zu viel. Zwar ist das Kavaliershaus \u201cnur\u201d eine Miniaturfassung des ein paar Schritte weiter liegenden pracht-vollen Schlosses Reinhardsbrunn \u2013 indes nicht minder eindrucksvoll in Architektur und landschaftlicher Einbettung. Gef\u00fcgt aus leuchtend beiger\u00f6tlichen Sandsteinquadern, mit Treppengiebeln und zum Teil neogotischen Fensterb\u00f6gen, mit imposantem, das Geb\u00e4ude \u00fcberragenden quadratischen Turm, von dem wiederum mit Zinnen verbundene Eckt\u00fcrmchen aufragen \u2013 pr\u00e4sentiert sich das Haus im Stil eines englischen Tudor-Schl\u00f6sschens. Und als sei es selbst von seiner Sch\u00f6nheit \u00fcberzeugt, zeigt es sich dem Betrachter gleich zweifach: n\u00e4mlich auch im Spiegel des zu F\u00fc\u00dfen liegenden Sees. Umgeben von einem herrlichen Park mit altem Baumbestand, Rotbuchen und Winterlinden, Eschen, Eichen und Birken \u2013 die legend\u00e4re \u201cM\u00f6nchslinde\u201d wird auf 800 Jahre gesch\u00e4tzt \u2013 findet der Gast hier jene Oase der Ruhe, die sprichw\u00f6rtliche \u201cInsel der Seligkeit\u201d, die in unserer modernen Zivilisation immer seltener wird.<\/p>\n<table border=\"0\">\n<tbody>\n<tr>\n<td><img loading=\"lazy\" decoding=\"async\" alt=\"1-300x257\" src=\"http:\/\/www.schloss-reinhardsbrunn.de\/wp-content\/uploads\/2014\/01\/1-300x257.jpg\" width=\"180\" height=\"154\" \/>\u00a0\u00a0<img loading=\"lazy\" decoding=\"async\" alt=\"3-300x257\" src=\"http:\/\/www.schloss-reinhardsbrunn.de\/wp-content\/uploads\/2014\/01\/3-300x257.jpg\" width=\"180\" height=\"154\" \/>\u00a0 <img loading=\"lazy\" decoding=\"async\" style=\"width: 203px; height: 154px;\" alt=\"6-300x257\" src=\"http:\/\/www.schloss-reinhardsbrunn.de\/wp-content\/uploads\/2014\/01\/6-300x257.jpg\" width=\"180\" height=\"121\" \/><\/td>\n<\/tr>\n<\/tbody>\n<\/table>\n<p>Wir sind in einem der sch\u00f6nsten H\u00e4user der Travel Charme Hotels, die sich, Perlen gleich, \u00dcber einzigartige Orte insbesondere der neuen Bundesl\u00e4nder verteilen. Das \u201cKavaliershaus\u201d macht seinem Namen alle Ehre \u2013 nur dass es heute nicht H\u00f6flinge und f\u00fcrstliche G\u00e4ste, \u201cKavaliere\u201d eben, beherbergt wie im vorigen Jahrhundert, sondern normale Zeitgenossen. War doch Reinhardsbrunn \u2013 1828 bis 1832 errichtet auf den Grundmauern eines alten Benediktinerklosters aus dem 11. Jahrhundert \u2013 Jagdschloss und Sommerresidenz des Herzogs von Sachsen-Coburg-Gotha. Herzog Ernst I. galt als der \u201cSchwiegervater Europas\u201d. So ehelichte Sohn Albert getreu den Geboten feudaler Hausmachtpolitik seine Cousine Victoria, damals K\u00f6nigin von England. Kein Wunder, dass die Hoheiten und Verwandtschaften von weit her kamen und sich in Reinhardsbrunn die Klinke in die Hand gaben, hier ihren Sommer verbrachten, sich bei Jagden und Festen verlustierten. So waren Schloss und Kavaliershaus seit je St\u00e4tten der Gastlichkeit. Heute indes spricht daf\u00fcr letzteres \u2013 noch \u2013 allein: Seit 1995 wird n\u00e4mlich das Schloss als historisches Baudenkmal aufwendig restauriert. Mit Fertigstellung soll zugleich das Schlosshotel seine Pforten \u00f6ffnen, so dass sich dann die G\u00e4ste und \u201cKavaliere\u201d von heute auch wieder dort tummeln k\u00f6nnen, wo sie es schon fr\u00fcher taten. Zu DDR-Zeiten wurde das Schloss ab den 60-er Jahren vom Reiseb\u00fcro als Hotel f\u00fcr nationale und internationale G\u00e4ste genutzt.<\/p>\n<p>Seit der Wende und nach Umbau zum Hotel steht nun das \u201cKavaliershaus\u201d stellvertretend f\u00fcr Schloss und Kloster, f\u00fcr Residenz und G\u00e4stehaus einstiger Landgrafen und Herz\u00f6ge, f\u00fcr Einkehr und Geborgenheit in einem der sch\u00f6nsten Winkel des Th\u00fcringer Waldes. In seinen 19 Zimmern erwarten den Gast stilvolle Vornehmheit, gro\u00dfz\u00fcgige Raumgestaltung mit getrennten Wohn- und Schlafzimmern sowie modernster Komfort mit Dusche\/WC, Satelliten-TV, Direktwahl-Telefon und Minibar. Die gro\u00dfen sechsgeteilten Sprossenfenster holen den romantischen Park gleichsam ins Zimmer. Kein Autol\u00e4rm st\u00f6rt den Lockruf des Vogels, das Rauschen des Laubes \u2013 die Zeit l\u00e4uft in vollendeter Harmonie mit der Natur. F\u00fcr Nichtraucher und Allergiker stehen besondere Zimmer bereit. Herzlich willkommen\u00a0 sind Familien mit Kindern; f\u00fcr sie gibt es Kombinations- zimmer mit kindgerechter Ausstattung wie auch eine spezielle\u00a0 Kinderspeisekarte.<\/p>\n<p>Gern geht oder besser steigt der Gast in das Restaurant unterm Dach (60 Pl\u00e4tze) \u2013 gestaltet in einer reizvollen Kombination aus h\u00f6fischem Interieur und stilvoller Mansarde mit integriertem Geb\u00e4lk als Raumteiler, die mehrere intime Separees begrenzen. Hier kann er sich laben an K\u00f6stlichkeiten aus K\u00fcche und Keller, an Th\u00fcringer Spezialit\u00e4ten \u2013 vom Wildbraten bis zur Zuchtforelle aus den Reinhardsbrunner Teichen. \u201cAus Forst und Flur\u201d empfehlen sich Hirschsahnegoulasch, geschmorte Hasen- oder Wildschweinkeule \u2013 nat\u00fcrlich mit den unverzichtbaren Th\u00fcringer Kl\u00f6\u00dfen -, auch Perlhuhnkeule gef\u00fcllt mit Steinpilz-Gefl\u00fcgelleber-Farce und mit Zapfenkroketten, f\u00fcr den Vegetarier die Reinhardsbrunner Pilzpfanne mit feinem Gem\u00fcse und Kartoffelschupfnudeln, f\u00fcr den Petri-J\u00fcnger ger\u00e4uchertes warmes Forellenfilet, Edellachsroulade oder Seezungenschleife auf Lauchspaghettini. Dazu eine Weinkarte, die auch den verw\u00f6hntesten Gaumen befriedigen d\u00fcrfte und die Marken aus allen deutschen Anbaugebieten wie auch von Burgund, Piemont, Bordeaux, der Toskana oder aus Sizilien bereit h\u00e4lt.<\/p>\n<table border=\"0\">\n<tbody>\n<tr>\n<td><img loading=\"lazy\" decoding=\"async\" alt=\"4-300x257\" src=\"http:\/\/www.schloss-reinhardsbrunn.de\/wp-content\/uploads\/2014\/01\/4-300x257.jpg\" width=\"180\" height=\"154\" \/>\u00a0 <img loading=\"lazy\" decoding=\"async\" alt=\"7-300x257\" src=\"http:\/\/www.schloss-reinhardsbrunn.de\/wp-content\/uploads\/2014\/01\/7-300x257.jpg\" width=\"180\" height=\"154\" \/>\u00a0 <img loading=\"lazy\" decoding=\"async\" alt=\"2-300x257\" src=\"http:\/\/www.schloss-reinhardsbrunn.de\/wp-content\/uploads\/2014\/01\/2-300x257.jpg\" width=\"180\" height=\"154\" \/><\/td>\n<\/tr>\n<\/tbody>\n<\/table>\n<p>Bei so ber\u00fchmter Geschichte des Hauses liegt es nahe, dass es diese auch f\u00fcr die G\u00e4ste und Besucher auf phantasievolle Weise lebendig macht. Die Zeitreise \u201cSagenhaftes Reinhardsbrunn \u2013 1000 Jahre Kloster, Schloss und Hotel\u201d entf\u00fchrt vier Tage lang in l\u00e4ngst entschwundene Vergangenheit: am ersten Tag etwa in die Zeit der Benediktinerm\u00f6nche, als das Kloster hier noch das geistig-religi\u00f6se Zentrum der Landgrafschaft Th\u00fcringen war. Bei Spanferkelessen und M\u00f6nchstrunk, Hufeisenwerfen, Bogenschie\u00dfen und Ritterschlag\u00a0 wird die einstige Macht von Kloster und Ritterstand vergn\u00fcglich und mit Augenzwinkern herauf beschworen. Am zweiten Tag wird mit einem 5-Gang-Men\u00fc, sp\u00e4tbarocker Musik und in Anwesenheit geschichtlicher Pers\u00f6nlichkeiten jener Zeit des Besuchs der englischen K\u00f6nigin Victoria in Reinhardsbrunn 1845 gedacht. Th\u00fcringer Tradition und Gastlichkeit um die Jahrhundertwende pr\u00e4gen den dritten und eine futuristische Expedition mit einer Men\u00fcfolge aus der \u201cK\u00fcche\u201d des internationalen Feinschmeckerordens Ch\u00e2ine des R\u00f4tisseurs den vierten Tag.<\/p>\n<p>Wer einmal das Vergn\u00fcgen hat, Reinhardsbrunn aus der Luft zu sehen und zu erleben, k\u00f6nnte meinen, es versinke mit seinen markanten historischen Geb\u00e4uden in das umgebende, schier\u00a0\u00a0\u00a0 un\u00fcbersehbare dichte Baummassiv des Th\u00fcringer Waldes \u2013 der kleine Park im gro\u00dfen Naturpark also. So ist es wirklich. Die traumhafte Lage verlockt zu Kutsch- und Kremserfahrten oder Wandertouren zum nahe gelegenen Rennsteig oder zu einer Fahrt mit dem \u201cHeubergexpress\u201d zum ber\u00fchmten Kammweg des Th\u00fcringer Waldes, vielleicht auch zu einem Besuch der unweit entfernten Marienglash\u00f6hle, die als eine der sch\u00f6nsten und gr\u00f6\u00dften H\u00f6hlen in Europa gilt. Wer auf den Spuren der Klassiker, von Kunst und Kultur wandeln m\u00f6chte, nutzt gern die mehrt\u00e4gigen Hotel-Arrangements oder auch Tagesausfl\u00fcge zur Wartburg in Eisenach oder nach Weimar mit dem Goethe- und Schillerhaus, dem Schloss und dem Weimarer Bauhaus, nach Erfurt, einst eine der reichsten und m\u00e4chtigsten St\u00e4dte Deutschlands, oder nach Gotha mit seinem das Stadtbild beherrschenden Schloss Friedenstein.<\/p>\n<table border=\"0\">\n<tbody>\n<tr>\n<td><img loading=\"lazy\" decoding=\"async\" alt=\"1-300x257\" src=\"http:\/\/www.schloss-reinhardsbrunn.de\/wp-content\/uploads\/2014\/01\/1-300x257.jpg\" width=\"180\" height=\"154\" \/>\u00a0 <img loading=\"lazy\" decoding=\"async\" style=\"width: 182px; height: 155px;\" alt=\"5-300x257\" src=\"http:\/\/www.schloss-reinhardsbrunn.de\/wp-content\/uploads\/2014\/01\/5-300x257.jpg\" width=\"180\" height=\"154\" \/><\/td>\n<\/tr>\n<\/tbody>\n<\/table>\n<p>Doch vielleicht will nicht jeder, der hier logiert, gleich in die Ferne schweifen. Die Erkundung beginnt schon vor der Haust\u00fcr und erschlie\u00dft bei einem mehrst\u00fcndigen Spaziergang im ersten angelegten Landschaftspark romantischer Pr\u00e4gung in Th\u00fcringen oder bei einer Bootsfahrt auf dem Gondelteich ein Naturerlebnis pur. Gar wohl k\u00f6nnte auf diesen paradiesischen Flecken der Dichter der Romantik Joseph von Eichendorff seinen schw\u00e4rmerischen Vers gem\u00fcnzt haben: \u201cDenn ein Vogel jeden Fr\u00fchling an dem gr\u00fcnen Waldessaume \u00a0sang mit wunderbarem Schalle, wie ein Waldhorn klang es im Traume\u2026\u201d<\/p>\n<p>Nicht minder romantisch ist das St\u00e4dtchen Friedrichroda selbst. Seit langem schon als Luftkurort und Wintersportplatz auch \u00fcber Deutschlands Grenzen hinaus bekannt, bem\u00fcht es sich um das Pr\u00e4dikat \u201cKneipp-Kurort\u201d, ermutigt auch durch die erst Anfang der 90-er Jahre im Park von Reinhardsbrunn entdeckten Heilwasserquellen. Das gesunde Reizklima des Th\u00fcringer Waldes \u2013 milde Westwinde werden durch den riesigen Waldg\u00fcrtel gefiltert \u2013 bringt Menschen mit Atemwegserkrankungen Linderung und Heilung. Immer ein Erlebnis im Winter: eine Pferdeschlittenfahrt durch den tief verschneiten Th\u00fcringer Wald oder eine Skiwanderung auf einer der gespurten Loipen am Rennsteig. Friedrichroda hat gerade im Wintersport eine Jahrzehnte lange Tradition. Wurde doch schon 1909 die 1265 Meter lange Natureisbahn am Spie\u00dfberg gebaut, auf der heute noch nationale Wettk\u00e4mpfe stattfinden. Und auch Nicht-Profis k\u00f6nnen sich hier gern einmal mit Rennrodel und Sturzhelm erproben.<\/p>\n<hr \/>\n<p><img loading=\"lazy\" decoding=\"async\" class=\"alignleft  wp-image-36\" style=\"margin-right: 10px; margin-left: 10px;\" alt=\"buch1-tg-2\" src=\"http:\/\/www.schloss-reinhardsbrunn.de\/wp-content\/uploads\/2014\/01\/buch1-tg-2.jpg\" width=\"135\" height=\"98\" \/><\/p>\n<p>Dieser Artikel stammt aus dem Buch \u201cTh\u00fcringer Gastlichkeit\u201d<br \/>\nerschienen im A. &amp; R. Adam Verlag Dresden SBN 3-00-007127<\/p>\n","protected":false},"excerpt":{"rendered":"<p>Das ehemalige Hotel im Schlosspark Reinhardsbrunn &#8211; es wurde am 31. Oktober 2001 geschlossen. Dieser Artikel stammt aus dem Buch \u201cTh\u00fcringer Gastlichkeit\u201d erschienen im A. &amp; R. Adam Verlag Dresden ISBN 3-00-007127 Residieren wie im Schloss verhei\u00dft das Hotelprospekt. Und es verspricht damit nicht zu viel. Zwar ist das Kavaliershaus&#46;&#46;&#46;<\/p>\n","protected":false},"author":1,"featured_media":0,"parent":6,"menu_order":0,"comment_status":"closed","ping_status":"closed","template":"","meta":{"jetpack_post_was_ever_published":false,"footnotes":""},"jetpack_sharing_enabled":true,"jetpack_shortlink":"https:\/\/wp.me\/P7Upjq-r","_links":{"self":[{"href":"http:\/\/www.schloss-reinhardsbrunn.de\/index.php?rest_route=\/wp\/v2\/pages\/27"}],"collection":[{"href":"http:\/\/www.schloss-reinhardsbrunn.de\/index.php?rest_route=\/wp\/v2\/pages"}],"about":[{"href":"http:\/\/www.schloss-reinhardsbrunn.de\/index.php?rest_route=\/wp\/v2\/types\/page"}],"author":[{"embeddable":true,"href":"http:\/\/www.schloss-reinhardsbrunn.de\/index.php?rest_route=\/wp\/v2\/users\/1"}],"replies":[{"embeddable":true,"href":"http:\/\/www.schloss-reinhardsbrunn.de\/index.php?rest_route=%2Fwp%2Fv2%2Fcomments&post=27"}],"version-history":[{"count":22,"href":"http:\/\/www.schloss-reinhardsbrunn.de\/index.php?rest_route=\/wp\/v2\/pages\/27\/revisions"}],"predecessor-version":[{"id":462,"href":"http:\/\/www.schloss-reinhardsbrunn.de\/index.php?rest_route=\/wp\/v2\/pages\/27\/revisions\/462"}],"up":[{"embeddable":true,"href":"http:\/\/www.schloss-reinhardsbrunn.de\/index.php?rest_route=\/wp\/v2\/pages\/6"}],"wp:attachment":[{"href":"http:\/\/www.schloss-reinhardsbrunn.de\/index.php?rest_route=%2Fwp%2Fv2%2Fmedia&parent=27"}],"curies":[{"name":"wp","href":"https:\/\/api.w.org\/{rel}","templated":true}]}}