{"id":227,"date":"2014-01-05T21:31:39","date_gmt":"2014-01-05T19:31:39","guid":{"rendered":"http:\/\/schloss-reinhardsbrunn.de\/?page_id=227"},"modified":"2014-01-05T21:36:52","modified_gmt":"2014-01-05T19:36:52","slug":"kaminzimmer","status":"publish","type":"page","link":"http:\/\/www.schloss-reinhardsbrunn.de\/?page_id=227","title":{"rendered":"Das Kaminzimmer"},"content":{"rendered":"<h1>Das Kaminzimmer<\/h1>\n<p>Im Kaminzimmer wurden zu Schlosshotelzeiten viele Familie- und Firmenfeste gefeiert. Es diente aber auch als Tagungsraum. Die beiden kunstvoll geschnitzten St\u00fchle und der dazugeh\u00f6rige Tisch standen bis zur Schlie\u00dfung im Restaurant im Kavaliershaus.<\/p>\n<p><a href=\"http:\/\/www.schloss-reinhardsbrunn.de\/wp-content\/uploads\/2014\/01\/kaminzimmer1.jpg\"><img loading=\"lazy\" decoding=\"async\" class=\"alignleft size-full wp-image-23\" style=\"margin-right: 0px; margin-left: 0px;\" alt=\"kaminzimmer1\" src=\"http:\/\/www.schloss-reinhardsbrunn.de\/wp-content\/uploads\/2014\/01\/kaminzimmer1.jpg\" width=\"216\" height=\"150\" \/><\/a> <a href=\"http:\/\/www.schloss-reinhardsbrunn.de\/wp-content\/uploads\/2014\/01\/kaminzimmer2.jpg\"><img loading=\"lazy\" decoding=\"async\" class=\"alignleft  wp-image-24\" style=\"margin-right: 20px; margin-left: 20px;\" alt=\"kaminzimmer2\" src=\"http:\/\/www.schloss-reinhardsbrunn.de\/wp-content\/uploads\/2014\/01\/kaminzimmer2.jpg\" width=\"216\" height=\"150\" \/><\/a> <a href=\"http:\/\/www.schloss-reinhardsbrunn.de\/wp-content\/uploads\/2014\/01\/kaminzimmer3.jpg\"><img loading=\"lazy\" decoding=\"async\" class=\"alignleft  wp-image-25\" style=\"margin-right: 0px; margin-left: 0px;\" alt=\"kaminzimmer3\" src=\"http:\/\/www.schloss-reinhardsbrunn.de\/wp-content\/uploads\/2014\/01\/kaminzimmer3.jpg\" width=\"150\" height=\"216\" \/><\/a><\/p>\n","protected":false},"excerpt":{"rendered":"<p>Das Kaminzimmer Im Kaminzimmer wurden zu Schlosshotelzeiten viele Familie- und Firmenfeste gefeiert. Es diente aber auch als Tagungsraum. Die beiden kunstvoll geschnitzten St\u00fchle und der dazugeh\u00f6rige Tisch standen bis zur Schlie\u00dfung im Restaurant im Kavaliershaus.<\/p>\n","protected":false},"author":1,"featured_media":0,"parent":6,"menu_order":1,"comment_status":"closed","ping_status":"closed","template":"","meta":{"jetpack_post_was_ever_published":false,"footnotes":""},"jetpack_sharing_enabled":true,"jetpack_shortlink":"https:\/\/wp.me\/P7Upjq-3F","_links":{"self":[{"href":"http:\/\/www.schloss-reinhardsbrunn.de\/index.php?rest_route=\/wp\/v2\/pages\/227"}],"collection":[{"href":"http:\/\/www.schloss-reinhardsbrunn.de\/index.php?rest_route=\/wp\/v2\/pages"}],"about":[{"href":"http:\/\/www.schloss-reinhardsbrunn.de\/index.php?rest_route=\/wp\/v2\/types\/page"}],"author":[{"embeddable":true,"href":"http:\/\/www.schloss-reinhardsbrunn.de\/index.php?rest_route=\/wp\/v2\/users\/1"}],"replies":[{"embeddable":true,"href":"http:\/\/www.schloss-reinhardsbrunn.de\/index.php?rest_route=%2Fwp%2Fv2%2Fcomments&post=227"}],"version-history":[{"count":3,"href":"http:\/\/www.schloss-reinhardsbrunn.de\/index.php?rest_route=\/wp\/v2\/pages\/227\/revisions"}],"predecessor-version":[{"id":232,"href":"http:\/\/www.schloss-reinhardsbrunn.de\/index.php?rest_route=\/wp\/v2\/pages\/227\/revisions\/232"}],"up":[{"embeddable":true,"href":"http:\/\/www.schloss-reinhardsbrunn.de\/index.php?rest_route=\/wp\/v2\/pages\/6"}],"wp:attachment":[{"href":"http:\/\/www.schloss-reinhardsbrunn.de\/index.php?rest_route=%2Fwp%2Fv2%2Fmedia&parent=227"}],"curies":[{"name":"wp","href":"https:\/\/api.w.org\/{rel}","templated":true}]}}